{"id":1286,"date":"2025-08-29T10:32:05","date_gmt":"2025-08-29T07:32:05","guid":{"rendered":"http:\/\/10.100.110.67\/?page_id=1286"},"modified":"2025-11-13T11:37:08","modified_gmt":"2025-11-13T08:37:08","slug":"enerji-sektoru","status":"publish","type":"page","link":"https:\/\/www.proyatech.com\/en\/enerji-sektoru\/","title":{"rendered":"Energy Industry"},"content":{"rendered":"<div data-elementor-type=\"wp-page\" data-elementor-id=\"1286\" class=\"elementor elementor-1286\" data-elementor-post-type=\"page\">\n\t\t\t\t<div class=\"elementor-element elementor-element-b63ea3d e-flex e-con-boxed e-con e-parent\" data-id=\"b63ea3d\" data-element_type=\"container\">\n\t\t\t\t\t<div class=\"e-con-inner\">\n\t\t\t\t<div class=\"elementor-element elementor-element-dfd6750 elementor-widget elementor-widget-spacer\" data-id=\"dfd6750\" data-element_type=\"widget\" data-widget_type=\"spacer.default\">\n\t\t\t\t\t\t\t<div class=\"elementor-spacer\">\n\t\t\t<div class=\"elementor-spacer-inner\"><\/div>\n\t\t<\/div>\n\t\t\t\t\t\t<\/div>\n\t\t\t\t\t<\/div>\n\t\t\t\t<\/div>\n\t\t<div class=\"elementor-element elementor-element-18168f6 e-flex e-con-boxed e-con e-parent\" data-id=\"18168f6\" data-element_type=\"container\">\n\t\t\t\t\t<div class=\"e-con-inner\">\n\t\t\t\t<div class=\"elementor-element elementor-element-4d83dae elementor-widget elementor-widget-heading\" data-id=\"4d83dae\" data-element_type=\"widget\" data-widget_type=\"heading.default\">\n\t\t\t\t\t<h2 class=\"elementor-heading-title elementor-size-default\">Energy Industry<\/h2>\t\t\t\t<\/div>\n\t\t\t\t\t<\/div>\n\t\t\t\t<\/div>\n\t\t<div class=\"elementor-element elementor-element-115cd90 e-flex e-con-boxed e-con e-parent\" data-id=\"115cd90\" data-element_type=\"container\">\n\t\t\t\t\t<div class=\"e-con-inner\">\n\t\t\t\t<div class=\"elementor-element elementor-element-dc65fd7 elementor-widget elementor-widget-heading\" data-id=\"dc65fd7\" data-element_type=\"widget\" data-widget_type=\"heading.default\">\n\t\t\t\t\t<h3 class=\"elementor-heading-title elementor-size-default\">1- Rehabilitation and Full Repowering of Ambarl\u0131 Fuel-Oil Power Plant Units 4 and 5, and Conversion to Duel Fuel Combined Cycle Power Plant, Istanbul, Turkey<\/h3>\t\t\t\t<\/div>\n\t\t\t\t\t<\/div>\n\t\t\t\t<\/div>\n\t\t<div class=\"elementor-element elementor-element-1ecd08e e-flex e-con-boxed e-con e-parent\" data-id=\"1ecd08e\" data-element_type=\"container\">\n\t\t\t\t\t<div class=\"e-con-inner\">\n\t\t\t\t<div class=\"elementor-element elementor-element-0e475e7 elementor-widget elementor-widget-gallery\" data-id=\"0e475e7\" data-element_type=\"widget\" data-settings=\"{&quot;columns&quot;:3,&quot;image_hover_animation&quot;:&quot;grow&quot;,&quot;lazyload&quot;:&quot;yes&quot;,&quot;gallery_layout&quot;:&quot;grid&quot;,&quot;columns_tablet&quot;:2,&quot;columns_mobile&quot;:1,&quot;gap&quot;:{&quot;unit&quot;:&quot;px&quot;,&quot;size&quot;:10,&quot;sizes&quot;:[]},&quot;gap_tablet&quot;:{&quot;unit&quot;:&quot;px&quot;,&quot;size&quot;:10,&quot;sizes&quot;:[]},&quot;gap_mobile&quot;:{&quot;unit&quot;:&quot;px&quot;,&quot;size&quot;:10,&quot;sizes&quot;:[]},&quot;link_to&quot;:&quot;file&quot;,&quot;aspect_ratio&quot;:&quot;3:2&quot;,&quot;overlay_background&quot;:&quot;yes&quot;,&quot;content_hover_animation&quot;:&quot;fade-in&quot;}\" data-widget_type=\"gallery.default\">\n\t\t\t\t\t\t\t<div class=\"elementor-gallery__container\">\n\t\t\t\t\t\t\t<a class=\"e-gallery-item elementor-gallery-item elementor-animated-content\" href=\"https:\/\/www.proyatech.com\/wp-content\/uploads\/2025\/11\/enerji.webp\" data-elementor-open-lightbox=\"yes\" data-elementor-lightbox-slideshow=\"0e475e7\" data-elementor-lightbox-title=\"enerji\" data-e-action-hash=\"#elementor-action%3Aaction%3Dlightbox%26settings%3DeyJpZCI6MzUyMywidXJsIjoiaHR0cHM6XC9cL3d3dy5wcm95YXRlY2guY29tXC93cC1jb250ZW50XC91cGxvYWRzXC8yMDI1XC8xMVwvZW5lcmppLndlYnAiLCJzbGlkZXNob3ciOiIwZTQ3NWU3In0%3D\">\n\t\t\t\t\t<div class=\"e-gallery-image elementor-gallery-item__image\" data-thumbnail=\"https:\/\/www.proyatech.com\/wp-content\/uploads\/2025\/11\/enerji.webp\" data-width=\"780\" data-height=\"380\" aria-label=\"\" role=\"img\" ><\/div>\n\t\t\t\t\t\t\t\t\t\t\t<div class=\"elementor-gallery-item__overlay\"><\/div>\n\t\t\t\t\t\t\t\t\t\t\t\t\t\t<\/a>\n\t\t\t\t\t\t\t<a class=\"e-gallery-item elementor-gallery-item elementor-animated-content\" href=\"https:\/\/www.proyatech.com\/wp-content\/uploads\/2025\/11\/enerji1.webp\" data-elementor-open-lightbox=\"yes\" data-elementor-lightbox-slideshow=\"0e475e7\" data-elementor-lightbox-title=\"enerji1\" data-e-action-hash=\"#elementor-action%3Aaction%3Dlightbox%26settings%3DeyJpZCI6MzUyNCwidXJsIjoiaHR0cHM6XC9cL3d3dy5wcm95YXRlY2guY29tXC93cC1jb250ZW50XC91cGxvYWRzXC8yMDI1XC8xMVwvZW5lcmppMS53ZWJwIiwic2xpZGVzaG93IjoiMGU0NzVlNyJ9\">\n\t\t\t\t\t<div class=\"e-gallery-image elementor-gallery-item__image\" data-thumbnail=\"https:\/\/www.proyatech.com\/wp-content\/uploads\/2025\/11\/enerji1.webp\" data-width=\"780\" data-height=\"380\" aria-label=\"\" role=\"img\" ><\/div>\n\t\t\t\t\t\t\t\t\t\t\t<div class=\"elementor-gallery-item__overlay\"><\/div>\n\t\t\t\t\t\t\t\t\t\t\t\t\t\t<\/a>\n\t\t\t\t\t\t\t<a class=\"e-gallery-item elementor-gallery-item elementor-animated-content\" href=\"https:\/\/www.proyatech.com\/wp-content\/uploads\/2025\/11\/enerji2.webp\" data-elementor-open-lightbox=\"yes\" data-elementor-lightbox-slideshow=\"0e475e7\" data-elementor-lightbox-title=\"enerji2\" data-e-action-hash=\"#elementor-action%3Aaction%3Dlightbox%26settings%3DeyJpZCI6MzUyNSwidXJsIjoiaHR0cHM6XC9cL3d3dy5wcm95YXRlY2guY29tXC93cC1jb250ZW50XC91cGxvYWRzXC8yMDI1XC8xMVwvZW5lcmppMi53ZWJwIiwic2xpZGVzaG93IjoiMGU0NzVlNyJ9\">\n\t\t\t\t\t<div class=\"e-gallery-image elementor-gallery-item__image\" data-thumbnail=\"https:\/\/www.proyatech.com\/wp-content\/uploads\/2025\/11\/enerji2.webp\" data-width=\"780\" data-height=\"380\" aria-label=\"\" role=\"img\" ><\/div>\n\t\t\t\t\t\t\t\t\t\t\t<div class=\"elementor-gallery-item__overlay\"><\/div>\n\t\t\t\t\t\t\t\t\t\t\t\t\t\t<\/a>\n\t\t\t\t\t\t\t<a class=\"e-gallery-item elementor-gallery-item elementor-animated-content\" href=\"https:\/\/www.proyatech.com\/wp-content\/uploads\/2025\/11\/enerji3.webp\" data-elementor-open-lightbox=\"yes\" data-elementor-lightbox-slideshow=\"0e475e7\" data-elementor-lightbox-title=\"enerji3\" data-e-action-hash=\"#elementor-action%3Aaction%3Dlightbox%26settings%3DeyJpZCI6MzUyNiwidXJsIjoiaHR0cHM6XC9cL3d3dy5wcm95YXRlY2guY29tXC93cC1jb250ZW50XC91cGxvYWRzXC8yMDI1XC8xMVwvZW5lcmppMy53ZWJwIiwic2xpZGVzaG93IjoiMGU0NzVlNyJ9\">\n\t\t\t\t\t<div class=\"e-gallery-image elementor-gallery-item__image\" data-thumbnail=\"https:\/\/www.proyatech.com\/wp-content\/uploads\/2025\/11\/enerji3.webp\" data-width=\"780\" data-height=\"380\" aria-label=\"\" role=\"img\" ><\/div>\n\t\t\t\t\t\t\t\t\t\t\t<div class=\"elementor-gallery-item__overlay\"><\/div>\n\t\t\t\t\t\t\t\t\t\t\t\t\t\t<\/a>\n\t\t\t\t\t\t\t<a class=\"e-gallery-item elementor-gallery-item elementor-animated-content\" href=\"https:\/\/www.proyatech.com\/wp-content\/uploads\/2025\/11\/enerji4.webp\" data-elementor-open-lightbox=\"yes\" data-elementor-lightbox-slideshow=\"0e475e7\" data-elementor-lightbox-title=\"enerji4\" data-e-action-hash=\"#elementor-action%3Aaction%3Dlightbox%26settings%3DeyJpZCI6MzUyNywidXJsIjoiaHR0cHM6XC9cL3d3dy5wcm95YXRlY2guY29tXC93cC1jb250ZW50XC91cGxvYWRzXC8yMDI1XC8xMVwvZW5lcmppNC53ZWJwIiwic2xpZGVzaG93IjoiMGU0NzVlNyJ9\">\n\t\t\t\t\t<div class=\"e-gallery-image elementor-gallery-item__image\" data-thumbnail=\"https:\/\/www.proyatech.com\/wp-content\/uploads\/2025\/11\/enerji4.webp\" data-width=\"780\" data-height=\"380\" aria-label=\"\" role=\"img\" ><\/div>\n\t\t\t\t\t\t\t\t\t\t\t<div class=\"elementor-gallery-item__overlay\"><\/div>\n\t\t\t\t\t\t\t\t\t\t\t\t\t\t<\/a>\n\t\t\t\t\t\t\t<a class=\"e-gallery-item elementor-gallery-item elementor-animated-content\" href=\"https:\/\/www.proyatech.com\/wp-content\/uploads\/2025\/11\/enerji5.webp\" data-elementor-open-lightbox=\"yes\" data-elementor-lightbox-slideshow=\"0e475e7\" data-elementor-lightbox-title=\"enerji5\" data-e-action-hash=\"#elementor-action%3Aaction%3Dlightbox%26settings%3DeyJpZCI6MzUyOCwidXJsIjoiaHR0cHM6XC9cL3d3dy5wcm95YXRlY2guY29tXC93cC1jb250ZW50XC91cGxvYWRzXC8yMDI1XC8xMVwvZW5lcmppNS53ZWJwIiwic2xpZGVzaG93IjoiMGU0NzVlNyJ9\">\n\t\t\t\t\t<div class=\"e-gallery-image elementor-gallery-item__image\" data-thumbnail=\"https:\/\/www.proyatech.com\/wp-content\/uploads\/2025\/11\/enerji5.webp\" data-width=\"780\" data-height=\"380\" aria-label=\"\" role=\"img\" ><\/div>\n\t\t\t\t\t\t\t\t\t\t\t<div class=\"elementor-gallery-item__overlay\"><\/div>\n\t\t\t\t\t\t\t\t\t\t\t\t\t\t<\/a>\n\t\t\t\t\t\t\t<a class=\"e-gallery-item elementor-gallery-item elementor-animated-content\" href=\"https:\/\/www.proyatech.com\/wp-content\/uploads\/2025\/11\/enerji6.webp\" data-elementor-open-lightbox=\"yes\" data-elementor-lightbox-slideshow=\"0e475e7\" data-elementor-lightbox-title=\"enerji6\" data-e-action-hash=\"#elementor-action%3Aaction%3Dlightbox%26settings%3DeyJpZCI6MzUyOSwidXJsIjoiaHR0cHM6XC9cL3d3dy5wcm95YXRlY2guY29tXC93cC1jb250ZW50XC91cGxvYWRzXC8yMDI1XC8xMVwvZW5lcmppNi53ZWJwIiwic2xpZGVzaG93IjoiMGU0NzVlNyJ9\">\n\t\t\t\t\t<div class=\"e-gallery-image elementor-gallery-item__image\" data-thumbnail=\"https:\/\/www.proyatech.com\/wp-content\/uploads\/2025\/11\/enerji6.webp\" data-width=\"780\" data-height=\"380\" aria-label=\"\" role=\"img\" ><\/div>\n\t\t\t\t\t\t\t\t\t\t\t<div class=\"elementor-gallery-item__overlay\"><\/div>\n\t\t\t\t\t\t\t\t\t\t\t\t\t\t<\/a>\n\t\t\t\t\t\t\t<a class=\"e-gallery-item elementor-gallery-item elementor-animated-content\" href=\"https:\/\/www.proyatech.com\/wp-content\/uploads\/2025\/11\/enerji7.webp\" data-elementor-open-lightbox=\"yes\" data-elementor-lightbox-slideshow=\"0e475e7\" data-elementor-lightbox-title=\"enerji7\" data-e-action-hash=\"#elementor-action%3Aaction%3Dlightbox%26settings%3DeyJpZCI6MzUzMCwidXJsIjoiaHR0cHM6XC9cL3d3dy5wcm95YXRlY2guY29tXC93cC1jb250ZW50XC91cGxvYWRzXC8yMDI1XC8xMVwvZW5lcmppNy53ZWJwIiwic2xpZGVzaG93IjoiMGU0NzVlNyJ9\">\n\t\t\t\t\t<div class=\"e-gallery-image elementor-gallery-item__image\" data-thumbnail=\"https:\/\/www.proyatech.com\/wp-content\/uploads\/2025\/11\/enerji7.webp\" data-width=\"780\" data-height=\"380\" aria-label=\"\" role=\"img\" ><\/div>\n\t\t\t\t\t\t\t\t\t\t\t<div class=\"elementor-gallery-item__overlay\"><\/div>\n\t\t\t\t\t\t\t\t\t\t\t\t\t\t<\/a>\n\t\t\t\t\t\t\t<a class=\"e-gallery-item elementor-gallery-item elementor-animated-content\" href=\"https:\/\/www.proyatech.com\/wp-content\/uploads\/2025\/11\/enerji8.webp\" data-elementor-open-lightbox=\"yes\" data-elementor-lightbox-slideshow=\"0e475e7\" data-elementor-lightbox-title=\"enerji8\" data-e-action-hash=\"#elementor-action%3Aaction%3Dlightbox%26settings%3DeyJpZCI6MzUzMSwidXJsIjoiaHR0cHM6XC9cL3d3dy5wcm95YXRlY2guY29tXC93cC1jb250ZW50XC91cGxvYWRzXC8yMDI1XC8xMVwvZW5lcmppOC53ZWJwIiwic2xpZGVzaG93IjoiMGU0NzVlNyJ9\">\n\t\t\t\t\t<div class=\"e-gallery-image elementor-gallery-item__image\" data-thumbnail=\"https:\/\/www.proyatech.com\/wp-content\/uploads\/2025\/11\/enerji8.webp\" data-width=\"780\" data-height=\"380\" aria-label=\"\" role=\"img\" ><\/div>\n\t\t\t\t\t\t\t\t\t\t\t<div class=\"elementor-gallery-item__overlay\"><\/div>\n\t\t\t\t\t\t\t\t\t\t\t\t\t\t<\/a>\n\t\t\t\t\t\t\t<a class=\"e-gallery-item elementor-gallery-item elementor-animated-content\" href=\"https:\/\/www.proyatech.com\/wp-content\/uploads\/2025\/11\/enerji9.webp\" data-elementor-open-lightbox=\"yes\" data-elementor-lightbox-slideshow=\"0e475e7\" data-elementor-lightbox-title=\"enerji9\" data-e-action-hash=\"#elementor-action%3Aaction%3Dlightbox%26settings%3DeyJpZCI6MzUzMiwidXJsIjoiaHR0cHM6XC9cL3d3dy5wcm95YXRlY2guY29tXC93cC1jb250ZW50XC91cGxvYWRzXC8yMDI1XC8xMVwvZW5lcmppOS53ZWJwIiwic2xpZGVzaG93IjoiMGU0NzVlNyJ9\">\n\t\t\t\t\t<div class=\"e-gallery-image elementor-gallery-item__image\" data-thumbnail=\"https:\/\/www.proyatech.com\/wp-content\/uploads\/2025\/11\/enerji9.webp\" data-width=\"780\" data-height=\"380\" aria-label=\"\" role=\"img\" ><\/div>\n\t\t\t\t\t\t\t\t\t\t\t<div class=\"elementor-gallery-item__overlay\"><\/div>\n\t\t\t\t\t\t\t\t\t\t\t\t\t\t<\/a>\n\t\t\t\t\t<\/div>\n\t\t\t\t\t<\/div>\n\t\t\t\t\t<\/div>\n\t\t\t\t<\/div>\n\t\t<div class=\"elementor-element elementor-element-951615b e-flex e-con-boxed e-con e-parent\" data-id=\"951615b\" data-element_type=\"container\">\n\t\t\t\t\t<div class=\"e-con-inner\">\n\t\t\t\t<div class=\"elementor-element elementor-element-da61db3 elementor-widget elementor-widget-spacer\" data-id=\"da61db3\" data-element_type=\"widget\" data-widget_type=\"spacer.default\">\n\t\t\t\t\t\t\t<div class=\"elementor-spacer\">\n\t\t\t<div class=\"elementor-spacer-inner\"><\/div>\n\t\t<\/div>\n\t\t\t\t\t\t<\/div>\n\t\t\t\t\t<\/div>\n\t\t\t\t<\/div>\n\t\t<div class=\"elementor-element elementor-element-edc4283 e-flex e-con-boxed e-con e-parent\" data-id=\"edc4283\" data-element_type=\"container\">\n\t\t\t\t\t<div class=\"e-con-inner\">\n\t\t\t\t<div class=\"elementor-element elementor-element-b1d4028 elementor-widget elementor-widget-heading\" data-id=\"b1d4028\" data-element_type=\"widget\" data-widget_type=\"heading.default\">\n\t\t\t\t\t<h3 class=\"elementor-heading-title elementor-size-default\">2- Gebze 850 MWe Combined Cycle Power Plant, Gebze, Turkey<\/h3>\t\t\t\t<\/div>\n\t\t\t\t\t<\/div>\n\t\t\t\t<\/div>\n\t\t<div class=\"elementor-element elementor-element-76af426 e-flex e-con-boxed e-con e-parent\" data-id=\"76af426\" data-element_type=\"container\">\n\t\t\t\t\t<div class=\"e-con-inner\">\n\t\t\t\t<div class=\"elementor-element elementor-element-50715fc elementor-widget elementor-widget-gallery\" data-id=\"50715fc\" data-element_type=\"widget\" data-settings=\"{&quot;columns&quot;:3,&quot;image_hover_animation&quot;:&quot;grow&quot;,&quot;lazyload&quot;:&quot;yes&quot;,&quot;gallery_layout&quot;:&quot;grid&quot;,&quot;columns_tablet&quot;:2,&quot;columns_mobile&quot;:1,&quot;gap&quot;:{&quot;unit&quot;:&quot;px&quot;,&quot;size&quot;:10,&quot;sizes&quot;:[]},&quot;gap_tablet&quot;:{&quot;unit&quot;:&quot;px&quot;,&quot;size&quot;:10,&quot;sizes&quot;:[]},&quot;gap_mobile&quot;:{&quot;unit&quot;:&quot;px&quot;,&quot;size&quot;:10,&quot;sizes&quot;:[]},&quot;link_to&quot;:&quot;file&quot;,&quot;aspect_ratio&quot;:&quot;3:2&quot;,&quot;overlay_background&quot;:&quot;yes&quot;,&quot;content_hover_animation&quot;:&quot;fade-in&quot;}\" data-widget_type=\"gallery.default\">\n\t\t\t\t\t\t\t<div class=\"elementor-gallery__container\">\n\t\t\t\t\t\t\t<a class=\"e-gallery-item elementor-gallery-item elementor-animated-content\" href=\"https:\/\/www.proyatech.com\/wp-content\/uploads\/2025\/11\/enerji10.webp\" data-elementor-open-lightbox=\"yes\" data-elementor-lightbox-slideshow=\"50715fc\" data-elementor-lightbox-title=\"enerji10\" data-e-action-hash=\"#elementor-action%3Aaction%3Dlightbox%26settings%3DeyJpZCI6MzUxNCwidXJsIjoiaHR0cHM6XC9cL3d3dy5wcm95YXRlY2guY29tXC93cC1jb250ZW50XC91cGxvYWRzXC8yMDI1XC8xMVwvZW5lcmppMTAud2VicCIsInNsaWRlc2hvdyI6IjUwNzE1ZmMifQ%3D%3D\">\n\t\t\t\t\t<div class=\"e-gallery-image elementor-gallery-item__image\" data-thumbnail=\"https:\/\/www.proyatech.com\/wp-content\/uploads\/2025\/11\/enerji10.webp\" data-width=\"780\" data-height=\"380\" aria-label=\"\" role=\"img\" ><\/div>\n\t\t\t\t\t\t\t\t\t\t\t<div class=\"elementor-gallery-item__overlay\"><\/div>\n\t\t\t\t\t\t\t\t\t\t\t\t\t\t<\/a>\n\t\t\t\t\t\t\t<a class=\"e-gallery-item elementor-gallery-item elementor-animated-content\" href=\"https:\/\/www.proyatech.com\/wp-content\/uploads\/2025\/11\/enerji11.webp\" data-elementor-open-lightbox=\"yes\" data-elementor-lightbox-slideshow=\"50715fc\" data-elementor-lightbox-title=\"enerji11\" data-e-action-hash=\"#elementor-action%3Aaction%3Dlightbox%26settings%3DeyJpZCI6MzUxNSwidXJsIjoiaHR0cHM6XC9cL3d3dy5wcm95YXRlY2guY29tXC93cC1jb250ZW50XC91cGxvYWRzXC8yMDI1XC8xMVwvZW5lcmppMTEud2VicCIsInNsaWRlc2hvdyI6IjUwNzE1ZmMifQ%3D%3D\">\n\t\t\t\t\t<div class=\"e-gallery-image elementor-gallery-item__image\" data-thumbnail=\"https:\/\/www.proyatech.com\/wp-content\/uploads\/2025\/11\/enerji11.webp\" data-width=\"780\" data-height=\"380\" aria-label=\"\" role=\"img\" ><\/div>\n\t\t\t\t\t\t\t\t\t\t\t<div class=\"elementor-gallery-item__overlay\"><\/div>\n\t\t\t\t\t\t\t\t\t\t\t\t\t\t<\/a>\n\t\t\t\t\t\t\t<a class=\"e-gallery-item elementor-gallery-item elementor-animated-content\" href=\"https:\/\/www.proyatech.com\/wp-content\/uploads\/2025\/11\/enerji12.webp\" data-elementor-open-lightbox=\"yes\" data-elementor-lightbox-slideshow=\"50715fc\" data-elementor-lightbox-title=\"enerji12\" data-e-action-hash=\"#elementor-action%3Aaction%3Dlightbox%26settings%3DeyJpZCI6MzUxNiwidXJsIjoiaHR0cHM6XC9cL3d3dy5wcm95YXRlY2guY29tXC93cC1jb250ZW50XC91cGxvYWRzXC8yMDI1XC8xMVwvZW5lcmppMTIud2VicCIsInNsaWRlc2hvdyI6IjUwNzE1ZmMifQ%3D%3D\">\n\t\t\t\t\t<div class=\"e-gallery-image elementor-gallery-item__image\" data-thumbnail=\"https:\/\/www.proyatech.com\/wp-content\/uploads\/2025\/11\/enerji12.webp\" data-width=\"780\" data-height=\"380\" aria-label=\"\" role=\"img\" ><\/div>\n\t\t\t\t\t\t\t\t\t\t\t<div class=\"elementor-gallery-item__overlay\"><\/div>\n\t\t\t\t\t\t\t\t\t\t\t\t\t\t<\/a>\n\t\t\t\t\t\t\t<a class=\"e-gallery-item elementor-gallery-item elementor-animated-content\" href=\"https:\/\/www.proyatech.com\/wp-content\/uploads\/2025\/11\/enerji13.webp\" data-elementor-open-lightbox=\"yes\" data-elementor-lightbox-slideshow=\"50715fc\" data-elementor-lightbox-title=\"enerji13\" data-e-action-hash=\"#elementor-action%3Aaction%3Dlightbox%26settings%3DeyJpZCI6MzUxNywidXJsIjoiaHR0cHM6XC9cL3d3dy5wcm95YXRlY2guY29tXC93cC1jb250ZW50XC91cGxvYWRzXC8yMDI1XC8xMVwvZW5lcmppMTMud2VicCIsInNsaWRlc2hvdyI6IjUwNzE1ZmMifQ%3D%3D\">\n\t\t\t\t\t<div class=\"e-gallery-image elementor-gallery-item__image\" data-thumbnail=\"https:\/\/www.proyatech.com\/wp-content\/uploads\/2025\/11\/enerji13.webp\" data-width=\"780\" data-height=\"380\" aria-label=\"\" role=\"img\" ><\/div>\n\t\t\t\t\t\t\t\t\t\t\t<div class=\"elementor-gallery-item__overlay\"><\/div>\n\t\t\t\t\t\t\t\t\t\t\t\t\t\t<\/a>\n\t\t\t\t\t\t\t<a class=\"e-gallery-item elementor-gallery-item elementor-animated-content\" href=\"https:\/\/www.proyatech.com\/wp-content\/uploads\/2025\/11\/enerji14.webp\" data-elementor-open-lightbox=\"yes\" data-elementor-lightbox-slideshow=\"50715fc\" data-elementor-lightbox-title=\"enerji14\" data-e-action-hash=\"#elementor-action%3Aaction%3Dlightbox%26settings%3DeyJpZCI6MzUxOCwidXJsIjoiaHR0cHM6XC9cL3d3dy5wcm95YXRlY2guY29tXC93cC1jb250ZW50XC91cGxvYWRzXC8yMDI1XC8xMVwvZW5lcmppMTQud2VicCIsInNsaWRlc2hvdyI6IjUwNzE1ZmMifQ%3D%3D\">\n\t\t\t\t\t<div class=\"e-gallery-image elementor-gallery-item__image\" data-thumbnail=\"https:\/\/www.proyatech.com\/wp-content\/uploads\/2025\/11\/enerji14.webp\" data-width=\"780\" data-height=\"380\" aria-label=\"\" role=\"img\" ><\/div>\n\t\t\t\t\t\t\t\t\t\t\t<div class=\"elementor-gallery-item__overlay\"><\/div>\n\t\t\t\t\t\t\t\t\t\t\t\t\t\t<\/a>\n\t\t\t\t\t\t\t<a class=\"e-gallery-item elementor-gallery-item elementor-animated-content\" href=\"https:\/\/www.proyatech.com\/wp-content\/uploads\/2025\/11\/enerji15.webp\" data-elementor-open-lightbox=\"yes\" data-elementor-lightbox-slideshow=\"50715fc\" data-elementor-lightbox-title=\"enerji15\" data-e-action-hash=\"#elementor-action%3Aaction%3Dlightbox%26settings%3DeyJpZCI6MzUxOSwidXJsIjoiaHR0cHM6XC9cL3d3dy5wcm95YXRlY2guY29tXC93cC1jb250ZW50XC91cGxvYWRzXC8yMDI1XC8xMVwvZW5lcmppMTUud2VicCIsInNsaWRlc2hvdyI6IjUwNzE1ZmMifQ%3D%3D\">\n\t\t\t\t\t<div class=\"e-gallery-image elementor-gallery-item__image\" data-thumbnail=\"https:\/\/www.proyatech.com\/wp-content\/uploads\/2025\/11\/enerji15.webp\" data-width=\"780\" data-height=\"380\" aria-label=\"\" role=\"img\" ><\/div>\n\t\t\t\t\t\t\t\t\t\t\t<div class=\"elementor-gallery-item__overlay\"><\/div>\n\t\t\t\t\t\t\t\t\t\t\t\t\t\t<\/a>\n\t\t\t\t\t<\/div>\n\t\t\t\t\t<\/div>\n\t\t\t\t\t<\/div>\n\t\t\t\t<\/div>\n\t\t<div class=\"elementor-element elementor-element-d2cb592 e-flex e-con-boxed e-con e-parent\" data-id=\"d2cb592\" data-element_type=\"container\">\n\t\t\t\t\t<div class=\"e-con-inner\">\n\t\t\t\t<div class=\"elementor-element elementor-element-5614bf2 elementor-widget elementor-widget-spacer\" data-id=\"5614bf2\" data-element_type=\"widget\" data-widget_type=\"spacer.default\">\n\t\t\t\t\t\t\t<div class=\"elementor-spacer\">\n\t\t\t<div class=\"elementor-spacer-inner\"><\/div>\n\t\t<\/div>\n\t\t\t\t\t\t<\/div>\n\t\t\t\t\t<\/div>\n\t\t\t\t<\/div>\n\t\t\t\t<\/div>","protected":false},"excerpt":{"rendered":"<p>Enerji Sekt\u00f6r\u00fc 1- Ambarl\u0131 Fuel-Oil Termik Santral\u0131 4 ve 5. \u00dcniteler Rehabilitasyonu ve Kombine \u00c7evrim Santraline D\u00f6n\u00fc\u015ft\u00fcr\u00fclmesi, \u0130stanbul, T\u00fcrkiye 2- [&hellip;]<\/p>","protected":false},"author":1,"featured_media":0,"parent":0,"menu_order":0,"comment_status":"closed","ping_status":"closed","template":"","meta":{"site-sidebar-layout":"no-sidebar","site-content-layout":"","ast-site-content-layout":"full-width-container","site-content-style":"default","site-sidebar-style":"default","ast-global-header-display":"","ast-banner-title-visibility":"","ast-main-header-display":"","ast-hfb-above-header-display":"","ast-hfb-below-header-display":"","ast-hfb-mobile-header-display":"","site-post-title":"disabled","ast-breadcrumbs-content":"","ast-featured-img":"disabled","footer-sml-layout":"","ast-disable-related-posts":"","theme-transparent-header-meta":"","adv-header-id-meta":"","stick-header-meta":"","header-above-stick-meta":"","header-main-stick-meta":"","header-below-stick-meta":"","astra-migrate-meta-layouts":"default","ast-page-background-enabled":"default","ast-page-background-meta":{"desktop":{"background-color":"var(--ast-global-color-5)","background-image":"","background-repeat":"repeat","background-position":"center center","background-size":"auto","background-attachment":"scroll","background-type":"","background-media":"","overlay-type":"","overlay-color":"","overlay-opacity":"","overlay-gradient":""},"tablet":{"background-color":"","background-image":"","background-repeat":"repeat","background-position":"center center","background-size":"auto","background-attachment":"scroll","background-type":"","background-media":"","overlay-type":"","overlay-color":"","overlay-opacity":"","overlay-gradient":""},"mobile":{"background-color":"","background-image":"","background-repeat":"repeat","background-position":"center center","background-size":"auto","background-attachment":"scroll","background-type":"","background-media":"","overlay-type":"","overlay-color":"","overlay-opacity":"","overlay-gradient":""}},"ast-content-background-meta":{"desktop":{"background-color":"var(--ast-global-color-4)","background-image":"","background-repeat":"repeat","background-position":"center center","background-size":"auto","background-attachment":"scroll","background-type":"","background-media":"","overlay-type":"","overlay-color":"","overlay-opacity":"","overlay-gradient":""},"tablet":{"background-color":"var(--ast-global-color-4)","background-image":"","background-repeat":"repeat","background-position":"center center","background-size":"auto","background-attachment":"scroll","background-type":"","background-media":"","overlay-type":"","overlay-color":"","overlay-opacity":"","overlay-gradient":""},"mobile":{"background-color":"var(--ast-global-color-4)","background-image":"","background-repeat":"repeat","background-position":"center center","background-size":"auto","background-attachment":"scroll","background-type":"","background-media":"","overlay-type":"","overlay-color":"","overlay-opacity":"","overlay-gradient":""}},"footnotes":""},"class_list":["post-1286","page","type-page","status-publish","hentry"],"_links":{"self":[{"href":"https:\/\/www.proyatech.com\/en\/wp-json\/wp\/v2\/pages\/1286","targetHints":{"allow":["GET"]}}],"collection":[{"href":"https:\/\/www.proyatech.com\/en\/wp-json\/wp\/v2\/pages"}],"about":[{"href":"https:\/\/www.proyatech.com\/en\/wp-json\/wp\/v2\/types\/page"}],"author":[{"embeddable":true,"href":"https:\/\/www.proyatech.com\/en\/wp-json\/wp\/v2\/users\/1"}],"replies":[{"embeddable":true,"href":"https:\/\/www.proyatech.com\/en\/wp-json\/wp\/v2\/comments?post=1286"}],"version-history":[{"count":0,"href":"https:\/\/www.proyatech.com\/en\/wp-json\/wp\/v2\/pages\/1286\/revisions"}],"wp:attachment":[{"href":"https:\/\/www.proyatech.com\/en\/wp-json\/wp\/v2\/media?parent=1286"}],"curies":[{"name":"wp","href":"https:\/\/api.w.org\/{rel}","templated":true}]}}