{"id":1329,"date":"2025-08-29T10:54:41","date_gmt":"2025-08-29T07:54:41","guid":{"rendered":"http:\/\/10.100.110.67\/?page_id=1329"},"modified":"2025-11-13T11:27:53","modified_gmt":"2025-11-13T08:27:53","slug":"demir-celik-sektoru","status":"publish","type":"page","link":"https:\/\/www.proyatech.com\/en\/demir-celik-sektoru\/","title":{"rendered":"Demir &#8211; \u00c7elik Sekt\u00f6r\u00fc"},"content":{"rendered":"<div data-elementor-type=\"wp-page\" data-elementor-id=\"1329\" class=\"elementor elementor-1329\" data-elementor-post-type=\"page\">\n\t\t\t\t<div class=\"elementor-element elementor-element-cc177bb e-flex e-con-boxed e-con e-parent\" data-id=\"cc177bb\" data-element_type=\"container\">\n\t\t\t\t\t<div class=\"e-con-inner\">\n\t\t\t\t<div class=\"elementor-element elementor-element-123e3e4 elementor-widget elementor-widget-spacer\" data-id=\"123e3e4\" data-element_type=\"widget\" data-widget_type=\"spacer.default\">\n\t\t\t\t\t\t\t<div class=\"elementor-spacer\">\n\t\t\t<div class=\"elementor-spacer-inner\"><\/div>\n\t\t<\/div>\n\t\t\t\t\t\t<\/div>\n\t\t\t\t\t<\/div>\n\t\t\t\t<\/div>\n\t\t<div class=\"elementor-element elementor-element-3389514 e-flex e-con-boxed e-con e-parent\" data-id=\"3389514\" data-element_type=\"container\">\n\t\t\t\t\t<div class=\"e-con-inner\">\n\t\t\t\t<div class=\"elementor-element elementor-element-bb04243 elementor-widget elementor-widget-heading\" data-id=\"bb04243\" data-element_type=\"widget\" data-widget_type=\"heading.default\">\n\t\t\t\t\t<h2 class=\"elementor-heading-title elementor-size-default\">Iron - Steel Industry<\/h2>\t\t\t\t<\/div>\n\t\t\t\t\t<\/div>\n\t\t\t\t<\/div>\n\t\t<div class=\"elementor-element elementor-element-77b9ed2 e-flex e-con-boxed e-con e-parent\" data-id=\"77b9ed2\" data-element_type=\"container\">\n\t\t\t\t\t<div class=\"e-con-inner\">\n\t\t\t\t<div class=\"elementor-element elementor-element-e49e45f elementor-widget elementor-widget-heading\" data-id=\"e49e45f\" data-element_type=\"widget\" data-widget_type=\"heading.default\">\n\t\t\t\t\t<h3 class=\"elementor-heading-title elementor-size-default\">1- Asil \u00c7elik Sanayi ve Tic. A.\u015e. 600,000 t\/year Capacity Continuous Casting Iron and Steel Plant, Bursa, Turkey<\/h3>\t\t\t\t<\/div>\n\t\t\t\t\t<\/div>\n\t\t\t\t<\/div>\n\t\t<div class=\"elementor-element elementor-element-5755829 e-flex e-con-boxed e-con e-parent\" data-id=\"5755829\" data-element_type=\"container\">\n\t\t\t\t\t<div class=\"e-con-inner\">\n\t\t\t\t<div class=\"elementor-element elementor-element-725bf45 elementor-widget elementor-widget-gallery\" data-id=\"725bf45\" data-element_type=\"widget\" data-settings=\"{&quot;columns&quot;:3,&quot;image_hover_animation&quot;:&quot;grow&quot;,&quot;lazyload&quot;:&quot;yes&quot;,&quot;gallery_layout&quot;:&quot;grid&quot;,&quot;columns_tablet&quot;:2,&quot;columns_mobile&quot;:1,&quot;gap&quot;:{&quot;unit&quot;:&quot;px&quot;,&quot;size&quot;:10,&quot;sizes&quot;:[]},&quot;gap_tablet&quot;:{&quot;unit&quot;:&quot;px&quot;,&quot;size&quot;:10,&quot;sizes&quot;:[]},&quot;gap_mobile&quot;:{&quot;unit&quot;:&quot;px&quot;,&quot;size&quot;:10,&quot;sizes&quot;:[]},&quot;link_to&quot;:&quot;file&quot;,&quot;aspect_ratio&quot;:&quot;3:2&quot;,&quot;overlay_background&quot;:&quot;yes&quot;,&quot;content_hover_animation&quot;:&quot;fade-in&quot;}\" data-widget_type=\"gallery.default\">\n\t\t\t\t\t\t\t<div class=\"elementor-gallery__container\">\n\t\t\t\t\t\t\t<a class=\"e-gallery-item elementor-gallery-item elementor-animated-content\" href=\"https:\/\/www.proyatech.com\/wp-content\/uploads\/2025\/11\/demir-celik1.webp\" data-elementor-open-lightbox=\"yes\" data-elementor-lightbox-slideshow=\"725bf45\" data-elementor-lightbox-title=\"demir-celik1\" data-e-action-hash=\"#elementor-action%3Aaction%3Dlightbox%26settings%3DeyJpZCI6MzUwNiwidXJsIjoiaHR0cHM6XC9cL3d3dy5wcm95YXRlY2guY29tXC93cC1jb250ZW50XC91cGxvYWRzXC8yMDI1XC8xMVwvZGVtaXItY2VsaWsxLndlYnAiLCJzbGlkZXNob3ciOiI3MjViZjQ1In0%3D\">\n\t\t\t\t\t<div class=\"e-gallery-image elementor-gallery-item__image\" data-thumbnail=\"https:\/\/www.proyatech.com\/wp-content\/uploads\/2025\/11\/demir-celik1.webp\" data-width=\"780\" data-height=\"380\" aria-label=\"\" role=\"img\" ><\/div>\n\t\t\t\t\t\t\t\t\t\t\t<div class=\"elementor-gallery-item__overlay\"><\/div>\n\t\t\t\t\t\t\t\t\t\t\t\t\t\t<\/a>\n\t\t\t\t\t\t\t<a class=\"e-gallery-item elementor-gallery-item elementor-animated-content\" href=\"https:\/\/www.proyatech.com\/wp-content\/uploads\/2025\/11\/demir-celik2.webp\" data-elementor-open-lightbox=\"yes\" data-elementor-lightbox-slideshow=\"725bf45\" data-elementor-lightbox-title=\"demir-celik2\" data-e-action-hash=\"#elementor-action%3Aaction%3Dlightbox%26settings%3DeyJpZCI6MzUwNywidXJsIjoiaHR0cHM6XC9cL3d3dy5wcm95YXRlY2guY29tXC93cC1jb250ZW50XC91cGxvYWRzXC8yMDI1XC8xMVwvZGVtaXItY2VsaWsyLndlYnAiLCJzbGlkZXNob3ciOiI3MjViZjQ1In0%3D\">\n\t\t\t\t\t<div class=\"e-gallery-image elementor-gallery-item__image\" data-thumbnail=\"https:\/\/www.proyatech.com\/wp-content\/uploads\/2025\/11\/demir-celik2.webp\" data-width=\"780\" data-height=\"380\" aria-label=\"\" role=\"img\" ><\/div>\n\t\t\t\t\t\t\t\t\t\t\t<div class=\"elementor-gallery-item__overlay\"><\/div>\n\t\t\t\t\t\t\t\t\t\t\t\t\t\t<\/a>\n\t\t\t\t\t\t\t<a class=\"e-gallery-item elementor-gallery-item elementor-animated-content\" href=\"https:\/\/www.proyatech.com\/wp-content\/uploads\/2025\/11\/demir-celik3.webp\" data-elementor-open-lightbox=\"yes\" data-elementor-lightbox-slideshow=\"725bf45\" data-elementor-lightbox-title=\"demir-celik3\" data-e-action-hash=\"#elementor-action%3Aaction%3Dlightbox%26settings%3DeyJpZCI6MzUwOCwidXJsIjoiaHR0cHM6XC9cL3d3dy5wcm95YXRlY2guY29tXC93cC1jb250ZW50XC91cGxvYWRzXC8yMDI1XC8xMVwvZGVtaXItY2VsaWszLndlYnAiLCJzbGlkZXNob3ciOiI3MjViZjQ1In0%3D\">\n\t\t\t\t\t<div class=\"e-gallery-image elementor-gallery-item__image\" data-thumbnail=\"https:\/\/www.proyatech.com\/wp-content\/uploads\/2025\/11\/demir-celik3.webp\" data-width=\"780\" data-height=\"380\" aria-label=\"\" role=\"img\" ><\/div>\n\t\t\t\t\t\t\t\t\t\t\t<div class=\"elementor-gallery-item__overlay\"><\/div>\n\t\t\t\t\t\t\t\t\t\t\t\t\t\t<\/a>\n\t\t\t\t\t\t\t<a class=\"e-gallery-item elementor-gallery-item elementor-animated-content\" href=\"https:\/\/www.proyatech.com\/wp-content\/uploads\/2025\/11\/demir-celik4.webp\" data-elementor-open-lightbox=\"yes\" data-elementor-lightbox-slideshow=\"725bf45\" data-elementor-lightbox-title=\"demir-celik4\" data-e-action-hash=\"#elementor-action%3Aaction%3Dlightbox%26settings%3DeyJpZCI6MzUwOSwidXJsIjoiaHR0cHM6XC9cL3d3dy5wcm95YXRlY2guY29tXC93cC1jb250ZW50XC91cGxvYWRzXC8yMDI1XC8xMVwvZGVtaXItY2VsaWs0LndlYnAiLCJzbGlkZXNob3ciOiI3MjViZjQ1In0%3D\">\n\t\t\t\t\t<div class=\"e-gallery-image elementor-gallery-item__image\" data-thumbnail=\"https:\/\/www.proyatech.com\/wp-content\/uploads\/2025\/11\/demir-celik4.webp\" data-width=\"780\" data-height=\"380\" aria-label=\"\" role=\"img\" ><\/div>\n\t\t\t\t\t\t\t\t\t\t\t<div class=\"elementor-gallery-item__overlay\"><\/div>\n\t\t\t\t\t\t\t\t\t\t\t\t\t\t<\/a>\n\t\t\t\t\t\t\t<a class=\"e-gallery-item elementor-gallery-item elementor-animated-content\" href=\"https:\/\/www.proyatech.com\/wp-content\/uploads\/2025\/11\/demir-celik5.webp\" data-elementor-open-lightbox=\"yes\" data-elementor-lightbox-slideshow=\"725bf45\" data-elementor-lightbox-title=\"demir-celik5\" data-e-action-hash=\"#elementor-action%3Aaction%3Dlightbox%26settings%3DeyJpZCI6MzUxMCwidXJsIjoiaHR0cHM6XC9cL3d3dy5wcm95YXRlY2guY29tXC93cC1jb250ZW50XC91cGxvYWRzXC8yMDI1XC8xMVwvZGVtaXItY2VsaWs1LndlYnAiLCJzbGlkZXNob3ciOiI3MjViZjQ1In0%3D\">\n\t\t\t\t\t<div class=\"e-gallery-image elementor-gallery-item__image\" data-thumbnail=\"https:\/\/www.proyatech.com\/wp-content\/uploads\/2025\/11\/demir-celik5.webp\" data-width=\"780\" data-height=\"380\" aria-label=\"\" role=\"img\" ><\/div>\n\t\t\t\t\t\t\t\t\t\t\t<div class=\"elementor-gallery-item__overlay\"><\/div>\n\t\t\t\t\t\t\t\t\t\t\t\t\t\t<\/a>\n\t\t\t\t\t<\/div>\n\t\t\t\t\t<\/div>\n\t\t\t\t\t<\/div>\n\t\t\t\t<\/div>\n\t\t<div class=\"elementor-element elementor-element-0c06d06 e-flex e-con-boxed e-con e-parent\" data-id=\"0c06d06\" data-element_type=\"container\">\n\t\t\t\t\t<div class=\"e-con-inner\">\n\t\t\t\t<div class=\"elementor-element elementor-element-d6efebe elementor-widget elementor-widget-spacer\" data-id=\"d6efebe\" data-element_type=\"widget\" data-widget_type=\"spacer.default\">\n\t\t\t\t\t\t\t<div class=\"elementor-spacer\">\n\t\t\t<div class=\"elementor-spacer-inner\"><\/div>\n\t\t<\/div>\n\t\t\t\t\t\t<\/div>\n\t\t\t\t\t<\/div>\n\t\t\t\t<\/div>\n\t\t<div class=\"elementor-element elementor-element-42381cb e-flex e-con-boxed e-con e-parent\" data-id=\"42381cb\" data-element_type=\"container\">\n\t\t\t\t\t<div class=\"e-con-inner\">\n\t\t\t\t<div class=\"elementor-element elementor-element-1307cd2 elementor-widget elementor-widget-heading\" data-id=\"1307cd2\" data-element_type=\"widget\" data-widget_type=\"heading.default\">\n\t\t\t\t\t<h3 class=\"elementor-heading-title elementor-size-default\">2- MMK ATAKA\u015e D\u00f6rtyol Iron and Steel Plant, Hatay, Turkey<\/h3>\t\t\t\t<\/div>\n\t\t\t\t\t<\/div>\n\t\t\t\t<\/div>\n\t\t<div class=\"elementor-element elementor-element-eab65f8 e-flex e-con-boxed e-con e-parent\" data-id=\"eab65f8\" data-element_type=\"container\">\n\t\t\t\t\t<div class=\"e-con-inner\">\n\t\t\t\t<div class=\"elementor-element elementor-element-55889c8 elementor-widget elementor-widget-gallery\" data-id=\"55889c8\" data-element_type=\"widget\" data-settings=\"{&quot;columns&quot;:3,&quot;image_hover_animation&quot;:&quot;grow&quot;,&quot;lazyload&quot;:&quot;yes&quot;,&quot;gallery_layout&quot;:&quot;grid&quot;,&quot;columns_tablet&quot;:2,&quot;columns_mobile&quot;:1,&quot;gap&quot;:{&quot;unit&quot;:&quot;px&quot;,&quot;size&quot;:10,&quot;sizes&quot;:[]},&quot;gap_tablet&quot;:{&quot;unit&quot;:&quot;px&quot;,&quot;size&quot;:10,&quot;sizes&quot;:[]},&quot;gap_mobile&quot;:{&quot;unit&quot;:&quot;px&quot;,&quot;size&quot;:10,&quot;sizes&quot;:[]},&quot;link_to&quot;:&quot;file&quot;,&quot;aspect_ratio&quot;:&quot;3:2&quot;,&quot;overlay_background&quot;:&quot;yes&quot;,&quot;content_hover_animation&quot;:&quot;fade-in&quot;}\" data-widget_type=\"gallery.default\">\n\t\t\t\t\t\t\t<div class=\"elementor-gallery__container\">\n\t\t\t\t\t\t\t<a class=\"e-gallery-item elementor-gallery-item elementor-animated-content\" href=\"https:\/\/www.proyatech.com\/wp-content\/uploads\/2025\/11\/demir-celik6.webp\" data-elementor-open-lightbox=\"yes\" data-elementor-lightbox-slideshow=\"55889c8\" data-elementor-lightbox-title=\"demir-celik6\" data-e-action-hash=\"#elementor-action%3Aaction%3Dlightbox%26settings%3DeyJpZCI6MzQ5NiwidXJsIjoiaHR0cHM6XC9cL3d3dy5wcm95YXRlY2guY29tXC93cC1jb250ZW50XC91cGxvYWRzXC8yMDI1XC8xMVwvZGVtaXItY2VsaWs2LndlYnAiLCJzbGlkZXNob3ciOiI1NTg4OWM4In0%3D\">\n\t\t\t\t\t<div class=\"e-gallery-image elementor-gallery-item__image\" data-thumbnail=\"https:\/\/www.proyatech.com\/wp-content\/uploads\/2025\/11\/demir-celik6.webp\" data-width=\"780\" data-height=\"380\" aria-label=\"\" role=\"img\" ><\/div>\n\t\t\t\t\t\t\t\t\t\t\t<div class=\"elementor-gallery-item__overlay\"><\/div>\n\t\t\t\t\t\t\t\t\t\t\t\t\t\t<\/a>\n\t\t\t\t\t\t\t<a class=\"e-gallery-item elementor-gallery-item elementor-animated-content\" href=\"https:\/\/www.proyatech.com\/wp-content\/uploads\/2025\/11\/demir-celik7.webp\" data-elementor-open-lightbox=\"yes\" data-elementor-lightbox-slideshow=\"55889c8\" data-elementor-lightbox-title=\"demir-celik7\" data-e-action-hash=\"#elementor-action%3Aaction%3Dlightbox%26settings%3DeyJpZCI6MzQ5NywidXJsIjoiaHR0cHM6XC9cL3d3dy5wcm95YXRlY2guY29tXC93cC1jb250ZW50XC91cGxvYWRzXC8yMDI1XC8xMVwvZGVtaXItY2VsaWs3LndlYnAiLCJzbGlkZXNob3ciOiI1NTg4OWM4In0%3D\">\n\t\t\t\t\t<div class=\"e-gallery-image elementor-gallery-item__image\" data-thumbnail=\"https:\/\/www.proyatech.com\/wp-content\/uploads\/2025\/11\/demir-celik7.webp\" data-width=\"780\" data-height=\"380\" aria-label=\"\" role=\"img\" ><\/div>\n\t\t\t\t\t\t\t\t\t\t\t<div class=\"elementor-gallery-item__overlay\"><\/div>\n\t\t\t\t\t\t\t\t\t\t\t\t\t\t<\/a>\n\t\t\t\t\t\t\t<a class=\"e-gallery-item elementor-gallery-item elementor-animated-content\" href=\"https:\/\/www.proyatech.com\/wp-content\/uploads\/2025\/11\/demir-celik8.webp\" data-elementor-open-lightbox=\"yes\" data-elementor-lightbox-slideshow=\"55889c8\" data-elementor-lightbox-title=\"demir-celik8\" data-e-action-hash=\"#elementor-action%3Aaction%3Dlightbox%26settings%3DeyJpZCI6MzQ5OCwidXJsIjoiaHR0cHM6XC9cL3d3dy5wcm95YXRlY2guY29tXC93cC1jb250ZW50XC91cGxvYWRzXC8yMDI1XC8xMVwvZGVtaXItY2VsaWs4LndlYnAiLCJzbGlkZXNob3ciOiI1NTg4OWM4In0%3D\">\n\t\t\t\t\t<div class=\"e-gallery-image elementor-gallery-item__image\" data-thumbnail=\"https:\/\/www.proyatech.com\/wp-content\/uploads\/2025\/11\/demir-celik8.webp\" data-width=\"780\" data-height=\"380\" aria-label=\"\" role=\"img\" ><\/div>\n\t\t\t\t\t\t\t\t\t\t\t<div class=\"elementor-gallery-item__overlay\"><\/div>\n\t\t\t\t\t\t\t\t\t\t\t\t\t\t<\/a>\n\t\t\t\t\t\t\t<a class=\"e-gallery-item elementor-gallery-item elementor-animated-content\" href=\"https:\/\/www.proyatech.com\/wp-content\/uploads\/2025\/11\/demir-celik9.webp\" data-elementor-open-lightbox=\"yes\" data-elementor-lightbox-slideshow=\"55889c8\" data-elementor-lightbox-title=\"demir-celik9\" data-e-action-hash=\"#elementor-action%3Aaction%3Dlightbox%26settings%3DeyJpZCI6MzQ5OSwidXJsIjoiaHR0cHM6XC9cL3d3dy5wcm95YXRlY2guY29tXC93cC1jb250ZW50XC91cGxvYWRzXC8yMDI1XC8xMVwvZGVtaXItY2VsaWs5LndlYnAiLCJzbGlkZXNob3ciOiI1NTg4OWM4In0%3D\">\n\t\t\t\t\t<div class=\"e-gallery-image elementor-gallery-item__image\" data-thumbnail=\"https:\/\/www.proyatech.com\/wp-content\/uploads\/2025\/11\/demir-celik9.webp\" data-width=\"780\" data-height=\"380\" aria-label=\"\" role=\"img\" ><\/div>\n\t\t\t\t\t\t\t\t\t\t\t<div class=\"elementor-gallery-item__overlay\"><\/div>\n\t\t\t\t\t\t\t\t\t\t\t\t\t\t<\/a>\n\t\t\t\t\t\t\t<a class=\"e-gallery-item elementor-gallery-item elementor-animated-content\" href=\"https:\/\/www.proyatech.com\/wp-content\/uploads\/2025\/11\/demir-celik10.webp\" data-elementor-open-lightbox=\"yes\" data-elementor-lightbox-slideshow=\"55889c8\" data-elementor-lightbox-title=\"demir-celik10\" data-e-action-hash=\"#elementor-action%3Aaction%3Dlightbox%26settings%3DeyJpZCI6MzUwMCwidXJsIjoiaHR0cHM6XC9cL3d3dy5wcm95YXRlY2guY29tXC93cC1jb250ZW50XC91cGxvYWRzXC8yMDI1XC8xMVwvZGVtaXItY2VsaWsxMC53ZWJwIiwic2xpZGVzaG93IjoiNTU4ODljOCJ9\">\n\t\t\t\t\t<div class=\"e-gallery-image elementor-gallery-item__image\" data-thumbnail=\"https:\/\/www.proyatech.com\/wp-content\/uploads\/2025\/11\/demir-celik10.webp\" data-width=\"780\" data-height=\"380\" aria-label=\"\" role=\"img\" ><\/div>\n\t\t\t\t\t\t\t\t\t\t\t<div class=\"elementor-gallery-item__overlay\"><\/div>\n\t\t\t\t\t\t\t\t\t\t\t\t\t\t<\/a>\n\t\t\t\t\t\t\t<a class=\"e-gallery-item elementor-gallery-item elementor-animated-content\" href=\"https:\/\/www.proyatech.com\/wp-content\/uploads\/2025\/11\/demir-celik11.webp\" data-elementor-open-lightbox=\"yes\" data-elementor-lightbox-slideshow=\"55889c8\" data-elementor-lightbox-title=\"demir-celik11\" data-e-action-hash=\"#elementor-action%3Aaction%3Dlightbox%26settings%3DeyJpZCI6MzUwMSwidXJsIjoiaHR0cHM6XC9cL3d3dy5wcm95YXRlY2guY29tXC93cC1jb250ZW50XC91cGxvYWRzXC8yMDI1XC8xMVwvZGVtaXItY2VsaWsxMS53ZWJwIiwic2xpZGVzaG93IjoiNTU4ODljOCJ9\">\n\t\t\t\t\t<div class=\"e-gallery-image elementor-gallery-item__image\" data-thumbnail=\"https:\/\/www.proyatech.com\/wp-content\/uploads\/2025\/11\/demir-celik11.webp\" data-width=\"780\" data-height=\"380\" aria-label=\"\" role=\"img\" ><\/div>\n\t\t\t\t\t\t\t\t\t\t\t<div class=\"elementor-gallery-item__overlay\"><\/div>\n\t\t\t\t\t\t\t\t\t\t\t\t\t\t<\/a>\n\t\t\t\t\t\t\t<a class=\"e-gallery-item elementor-gallery-item elementor-animated-content\" href=\"https:\/\/www.proyatech.com\/wp-content\/uploads\/2025\/11\/demir-celik12.webp\" data-elementor-open-lightbox=\"yes\" data-elementor-lightbox-slideshow=\"55889c8\" data-elementor-lightbox-title=\"demir-celik12\" data-e-action-hash=\"#elementor-action%3Aaction%3Dlightbox%26settings%3DeyJpZCI6MzUwMiwidXJsIjoiaHR0cHM6XC9cL3d3dy5wcm95YXRlY2guY29tXC93cC1jb250ZW50XC91cGxvYWRzXC8yMDI1XC8xMVwvZGVtaXItY2VsaWsxMi53ZWJwIiwic2xpZGVzaG93IjoiNTU4ODljOCJ9\">\n\t\t\t\t\t<div class=\"e-gallery-image elementor-gallery-item__image\" data-thumbnail=\"https:\/\/www.proyatech.com\/wp-content\/uploads\/2025\/11\/demir-celik12.webp\" data-width=\"780\" data-height=\"380\" aria-label=\"\" role=\"img\" ><\/div>\n\t\t\t\t\t\t\t\t\t\t\t<div class=\"elementor-gallery-item__overlay\"><\/div>\n\t\t\t\t\t\t\t\t\t\t\t\t\t\t<\/a>\n\t\t\t\t\t<\/div>\n\t\t\t\t\t<\/div>\n\t\t\t\t\t<\/div>\n\t\t\t\t<\/div>\n\t\t<div class=\"elementor-element elementor-element-e232bcd e-flex e-con-boxed e-con e-parent\" data-id=\"e232bcd\" data-element_type=\"container\">\n\t\t\t\t\t<div class=\"e-con-inner\">\n\t\t\t\t<div class=\"elementor-element elementor-element-d58d4f5 elementor-widget elementor-widget-spacer\" data-id=\"d58d4f5\" data-element_type=\"widget\" data-widget_type=\"spacer.default\">\n\t\t\t\t\t\t\t<div class=\"elementor-spacer\">\n\t\t\t<div class=\"elementor-spacer-inner\"><\/div>\n\t\t<\/div>\n\t\t\t\t\t\t<\/div>\n\t\t\t\t\t<\/div>\n\t\t\t\t<\/div>\n\t\t\t\t<\/div>","protected":false},"excerpt":{"rendered":"<p>Demir &#8211; \u00c7elik Sekt\u00f6r\u00fc 1- Asil \u00c7elik Sanayi ve Tic. A.\u015e. 600,000 ton\/y\u0131l Kapasiteli S\u00fcrekli D\u00f6k\u00fcm Tesisi, Bursa, T\u00fcrkiye 2- [&hellip;]<\/p>","protected":false},"author":1,"featured_media":0,"parent":0,"menu_order":0,"comment_status":"closed","ping_status":"closed","template":"","meta":{"site-sidebar-layout":"no-sidebar","site-content-layout":"","ast-site-content-layout":"full-width-container","site-content-style":"default","site-sidebar-style":"default","ast-global-header-display":"","ast-banner-title-visibility":"","ast-main-header-display":"","ast-hfb-above-header-display":"","ast-hfb-below-header-display":"","ast-hfb-mobile-header-display":"","site-post-title":"disabled","ast-breadcrumbs-content":"","ast-featured-img":"disabled","footer-sml-layout":"","ast-disable-related-posts":"","theme-transparent-header-meta":"","adv-header-id-meta":"","stick-header-meta":"","header-above-stick-meta":"","header-main-stick-meta":"","header-below-stick-meta":"","astra-migrate-meta-layouts":"default","ast-page-background-enabled":"default","ast-page-background-meta":{"desktop":{"background-color":"var(--ast-global-color-5)","background-image":"","background-repeat":"repeat","background-position":"center center","background-size":"auto","background-attachment":"scroll","background-type":"","background-media":"","overlay-type":"","overlay-color":"","overlay-opacity":"","overlay-gradient":""},"tablet":{"background-color":"","background-image":"","background-repeat":"repeat","background-position":"center center","background-size":"auto","background-attachment":"scroll","background-type":"","background-media":"","overlay-type":"","overlay-color":"","overlay-opacity":"","overlay-gradient":""},"mobile":{"background-color":"","background-image":"","background-repeat":"repeat","background-position":"center center","background-size":"auto","background-attachment":"scroll","background-type":"","background-media":"","overlay-type":"","overlay-color":"","overlay-opacity":"","overlay-gradient":""}},"ast-content-background-meta":{"desktop":{"background-color":"var(--ast-global-color-4)","background-image":"","background-repeat":"repeat","background-position":"center center","background-size":"auto","background-attachment":"scroll","background-type":"","background-media":"","overlay-type":"","overlay-color":"","overlay-opacity":"","overlay-gradient":""},"tablet":{"background-color":"var(--ast-global-color-4)","background-image":"","background-repeat":"repeat","background-position":"center center","background-size":"auto","background-attachment":"scroll","background-type":"","background-media":"","overlay-type":"","overlay-color":"","overlay-opacity":"","overlay-gradient":""},"mobile":{"background-color":"var(--ast-global-color-4)","background-image":"","background-repeat":"repeat","background-position":"center center","background-size":"auto","background-attachment":"scroll","background-type":"","background-media":"","overlay-type":"","overlay-color":"","overlay-opacity":"","overlay-gradient":""}},"footnotes":""},"class_list":["post-1329","page","type-page","status-publish","hentry"],"_links":{"self":[{"href":"https:\/\/www.proyatech.com\/en\/wp-json\/wp\/v2\/pages\/1329","targetHints":{"allow":["GET"]}}],"collection":[{"href":"https:\/\/www.proyatech.com\/en\/wp-json\/wp\/v2\/pages"}],"about":[{"href":"https:\/\/www.proyatech.com\/en\/wp-json\/wp\/v2\/types\/page"}],"author":[{"embeddable":true,"href":"https:\/\/www.proyatech.com\/en\/wp-json\/wp\/v2\/users\/1"}],"replies":[{"embeddable":true,"href":"https:\/\/www.proyatech.com\/en\/wp-json\/wp\/v2\/comments?post=1329"}],"version-history":[{"count":0,"href":"https:\/\/www.proyatech.com\/en\/wp-json\/wp\/v2\/pages\/1329\/revisions"}],"wp:attachment":[{"href":"https:\/\/www.proyatech.com\/en\/wp-json\/wp\/v2\/media?parent=1329"}],"curies":[{"name":"wp","href":"https:\/\/api.w.org\/{rel}","templated":true}]}}